{"id":742,"date":"2025-11-10T14:01:53","date_gmt":"2025-11-10T14:01:53","guid":{"rendered":"https:\/\/services-msj.com\/?page_id=742"},"modified":"2025-11-25T20:44:51","modified_gmt":"2025-11-25T20:44:51","slug":"metrologie","status":"publish","type":"page","link":"https:\/\/services-msj.com\/index.php\/metrologie\/","title":{"rendered":"M\u00e9trologie"},"content":{"rendered":"\t\t<div data-elementor-type=\"wp-page\" data-elementor-id=\"742\" class=\"elementor elementor-742\">\n\t\t\t\t\t\t<section class=\"elementor-section elementor-top-section elementor-element elementor-element-71db995d elementor-section-full_width elementor-section-height-default elementor-section-height-default\" data-id=\"71db995d\" data-element_type=\"section\" data-settings=\"{&quot;background_background&quot;:&quot;classic&quot;}\">\n\t\t\t\t\t\t\t<div class=\"elementor-background-overlay\"><\/div>\n\t\t\t\t\t\t\t<div class=\"elementor-container elementor-column-gap-no\">\n\t\t\t\t\t<div class=\"elementor-column elementor-col-100 elementor-top-column elementor-element elementor-element-7637f7a0\" data-id=\"7637f7a0\" data-element_type=\"column\">\n\t\t\t<div class=\"elementor-widget-wrap elementor-element-populated\">\n\t\t\t\t\t\t<div class=\"elementor-element elementor-element-6fede274 elementor-widget elementor-widget-heading\" data-id=\"6fede274\" data-element_type=\"widget\" data-widget_type=\"heading.default\">\n\t\t\t\t\t<span class=\"elementor-heading-title elementor-size-default\">M\u00e9trologie<\/span>\t\t\t\t<\/div>\n\t\t\t\t\t<\/div>\n\t\t<\/div>\n\t\t\t\t\t<\/div>\n\t\t<\/section>\n\t\t\t\t<section class=\"elementor-section elementor-top-section elementor-element elementor-element-f29f078 elementor-section-full_width elementor-section-height-default elementor-section-height-default\" data-id=\"f29f078\" data-element_type=\"section\" data-settings=\"{&quot;background_background&quot;:&quot;classic&quot;}\">\n\t\t\t\t\t\t\t<div class=\"elementor-background-overlay\"><\/div>\n\t\t\t\t\t\t\t<div class=\"elementor-container elementor-column-gap-no\">\n\t\t\t\t\t<div class=\"elementor-column elementor-col-100 elementor-top-column elementor-element elementor-element-fdca7ac\" data-id=\"fdca7ac\" data-element_type=\"column\">\n\t\t\t<div class=\"elementor-widget-wrap elementor-element-populated\">\n\t\t\t\t\t\t<div class=\"elementor-element elementor-element-c0668b9 elementor-widget__width-initial elementor-invisible elementor-widget elementor-widget-text-editor\" data-id=\"c0668b9\" data-element_type=\"widget\" data-settings=\"{&quot;_animation&quot;:&quot;fadeInUp&quot;}\" data-widget_type=\"text-editor.default\">\n\t\t\t\t\t\t\t\t\t<p><strong>La m\u00e9trologie<\/strong> est le c\u0153ur silencieux de toute d\u00e9marche qualit\u00e9. Derri\u00e8re chaque mesure fiable se cache une m\u00e9thode rigoureuse, des \u00e9quipements bien suivis et une compr\u00e9hension claire des r\u00e8gles qui garantissent la pr\u00e9cision.<\/p><p>Cette section rassemble un ensemble de formations d\u00e9di\u00e9es \u00e0 la ma\u00eetrise des bonnes pratiques m\u00e9trologiques, depuis la gestion des salles propres jusqu\u2019au suivi des appareils de laboratoire.<\/p><p>Les professionnels y trouveront l\u2019essentiel pour renforcer leurs comp\u00e9tences et assurer des r\u00e9sultats de mesure parfaitement tra\u00e7ables.<\/p>\t\t\t\t\t\t\t\t<\/div>\n\t\t\t\t\t<\/div>\n\t\t<\/div>\n\t\t\t\t\t<\/div>\n\t\t<\/section>\n\t\t<div class=\"elementor-element elementor-element-ed8fd9a e-flex e-con-boxed e-con e-parent\" data-id=\"ed8fd9a\" data-element_type=\"container\">\n\t\t\t\t\t<div class=\"e-con-inner\">\n\t\t\t\t<div class=\"elementor-element elementor-element-1bc8175 elementor-widget elementor-widget-html\" data-id=\"1bc8175\" data-element_type=\"widget\" data-widget_type=\"html.default\">\n\t\t\t\t\t<!-- \u2705 Font Awesome pour l'ic\u00f4ne -->\r\n<link rel=\"stylesheet\" href=\"https:\/\/cdnjs.cloudflare.com\/ajax\/libs\/font-awesome\/6.5.0\/css\/all.min.css\">\r\n\r\n<style>\r\n.training-section {\r\n  font-family: \"Poppins\", sans-serif;\r\n  margin-bottom: 30px;\r\n}\r\n\r\n.training-section h2 {\r\n  color: #007E33;\r\n  font-size: 24px;\r\n  font-weight: 700;\r\n  margin-bottom: 10px;\r\n}\r\n\r\n.training-section p {\r\n  color: #555;\r\n  font-size: 16px;\r\n  max-width: 800px;\r\n  line-height: 1.6;\r\n  margin-bottom: 25px;\r\n}\r\n\r\n.training-table {\r\n  width: 100%;\r\n  border-collapse: collapse;\r\n  box-shadow: 0 4px 10px rgba(0,0,0,0.08);\r\n  border-radius: 12px;\r\n  overflow: hidden;\r\n  background-color: #fff;\r\n}\r\n\r\n.training-table th {\r\n  background: linear-gradient(135deg, #007E33, #00C851);\r\n  color: #fff;\r\n  text-transform: uppercase;\r\n  padding: 14px;\r\n  text-align: left;\r\n  font-weight: 600;\r\n  font-size: 14px;\r\n  letter-spacing: 0.5px;\r\n}\r\n\r\n.training-table td {\r\n  padding: 14px;\r\n  border-bottom: 1px solid #e0e0e0;\r\n  font-size: 15px;\r\n  color: #333;\r\n}\r\n\r\n.training-table tr:hover {\r\n  background-color: #f0fdf4;\r\n  transition: 0.3s;\r\n}\r\n\r\n.training-table td a i {\r\n  font-size: 18px;\r\n  color: #007E33;\r\n  transition: 0.3s;\r\n}\r\n\r\n.training-table td a i:hover {\r\n  color: #00C851;\r\n  transform: scale(1.2);\r\n}\r\n\r\n\/* \u2705 Responsive design *\/\r\n@media (max-width: 768px) {\r\n  .training-table {\r\n    border: none;\r\n    box-shadow: none;\r\n  }\r\n  .training-table thead {\r\n    display: none;\r\n  }\r\n  .training-table tr {\r\n    display: block;\r\n    margin-bottom: 20px;\r\n    background: #fff;\r\n    border-radius: 10px;\r\n    box-shadow: 0 2px 8px rgba(0,0,0,0.05);\r\n    padding: 10px;\r\n  }\r\n  .training-table td {\r\n    display: flex;\r\n    justify-content: space-between;\r\n    align-items: center;\r\n    border: none;\r\n    border-bottom: 1px solid #f1f1f1;\r\n    padding: 10px 15px;\r\n    text-align: left;\r\n  }\r\n  .training-table td:last-child {\r\n    border-bottom: none;\r\n  }\r\n  .training-table td::before {\r\n    content: attr(data-label);\r\n    font-weight: 600;\r\n    color: #007E33;\r\n    text-transform: uppercase;\r\n  }\r\n}\r\n<\/style>\r\n\r\n<div class=\"training-section\">\r\n \r\n\r\n  <table class=\"training-table\">\r\n    <thead>\r\n      <tr>\r\n        <th>N\u00b0<\/th>\r\n        <th>Nom de la formation<\/th>\r\n        <th>D\u00e9tails<\/th>\r\n        <th>Dur\u00e9e<\/th>\r\n      <\/tr>\r\n    <\/thead>\r\n    <tbody>\r\n      <tr>\r\n        <td data-label=\"N\u00b0\">1<\/td>\r\n        <td data-label=\"Nom de la formation\">La m\u00e9trologie des salles propres : suivi des temp\u00e9ratures, des pressions, de l\u2019hygrom\u00e9trie et du comptage particulaire<\/td>\r\n        <td data-label=\"D\u00e9tails\"><a href=\"https:\/\/services-msj.com\/wp-content\/uploads\/2025\/11\/001METROLOGIE-DS-LES-SALLES-PROPRES-MSJ-SERVICES-2026.docx\"><i class=\"fa fa-cloud-download\"><\/i><\/a><\/td>\r\n        <td data-label=\"Dur\u00e9e\">2 jour(s)<\/td>\r\n      <\/tr>\r\n      <tr>\r\n        <td data-label=\"N\u00b0\">2<\/td>\r\n        <td data-label=\"Nom de la formation\">Mettre en \u0153uvre la fonction m\u00e9trologie dans l\u2019entreprise : secteurs pharmaceutiques, cosm\u00e9tiques et dispositifs m\u00e9dicaux<\/td>\r\n        <td data-label=\"D\u00e9tails\"><a href=\"https:\/\/services-msj.com\/wp-content\/uploads\/2025\/11\/02METROLOGIE-FONCTIN-MSJ-SERVICES-2026.docx\"><i class=\"fa fa-cloud-download\"><\/i><\/a><\/td>\r\n        <td data-label=\"Dur\u00e9e\">2 jour(s)<\/td>\r\n      <\/tr>\r\n      <tr>\r\n        <td data-label=\"N\u00b0\">3<\/td>\r\n        <td data-label=\"Nom de la formation\">Maitriser la r\u00e8gle n\u00b01 en m\u00e9trologie : la tra\u00e7abilit\u00e9 des r\u00e9sultats de mesure critiques - garantir le raccordement m\u00e9trologique<\/td>\r\n        <td data-label=\"D\u00e9tails\"><a href=\"https:\/\/services-msj.com\/wp-content\/uploads\/2025\/11\/03-MAITRISER-REGLE-N\u00b01-METROLOGIE-MSJ-SERVICES-2026-1.docx\"><i class=\"fa fa-cloud-download\"><\/i><\/a><\/td>\r\n        <td data-label=\"Dur\u00e9e\">2 jour(s)<\/td>\r\n      <\/tr>\r\n      <tr>\r\n        <td data-label=\"N\u00b0\">4<\/td>\r\n        <td data-label=\"Nom de la formation\">Ma\u00eetriser les 10 termes essentiels de la m\u00e9trologie<\/td>\r\n        <td data-label=\"D\u00e9tails\"><a href=\"https:\/\/services-msj.com\/wp-content\/uploads\/2025\/11\/04-MAITRISER-METROLOGIE-MSJ-SERVICES-2026.docx\"><i class=\"fa fa-cloud-download\"><\/i><\/a><\/td>\r\n        <td data-label=\"Dur\u00e9e\">2 jour(s)<\/td>\r\n      <\/tr>\r\n      <tr>\r\n        <td data-label=\"N\u00b0\">5<\/td>\r\n        <td data-label=\"Nom de la formation\">Suivi m\u00e9trologique des balances et ma\u00eetrise du pesage au laboratoire ou en fabrication<\/td>\r\n        <td data-label=\"D\u00e9tails\"><a href=\"https:\/\/services-msj.com\/wp-content\/uploads\/2025\/11\/05-SUIVI-METROLOGIE-BALANCE-MSJ-SERVICES-2026.docx\"><i class=\"fa fa-cloud-download\"><\/i><\/a><\/td>\r\n        <td data-label=\"Dur\u00e9e\">2 jour(s)<\/td>\r\n      <\/tr>\r\n      <tr>\r\n        <td data-label=\"N\u00b0\">6<\/td>\r\n        <td data-label=\"Nom de la formation\">Ma\u00eetriser les op\u00e9rations d\u2019\u00e9talonnage sous-trait\u00e9es : contractualisation et exploitation des certificats<\/td>\r\n        <td data-label=\"D\u00e9tails\"><a href=\"https:\/\/services-msj.com\/wp-content\/uploads\/2025\/11\/06-SMAITRISE-OPERATION-ETALONNAGE-MSJ-SERVICES-2026.docx\"><i class=\"fa fa-cloud-download\"><\/i><\/a><\/td>\r\n        <td data-label=\"Dur\u00e9e\">2 jour(s)<\/td>\r\n      <\/tr>\r\n      <tr>\r\n        <td data-label=\"N\u00b0\">7<\/td>\r\n        <td data-label=\"Nom de la formation\">\tGestion et qualification des \u00e9quipements des laboratoires d\u2019analyse et de contr\u00f4le qualit\u00e9<\/td>\r\n        <td data-label=\"D\u00e9tails\"><a href=\"https:\/\/services-msj.com\/wp-content\/uploads\/2025\/11\/07-GESTION-ET-QUALIFICATION-DES-EQUIPEMENTS-MSJ-SERVICES-2026-1.docx\"><i class=\"fa fa-cloud-download\"><\/i><\/a><\/td>\r\n        <td data-label=\"Dur\u00e9e\">2 jour(s)<\/td>\r\n      <\/tr>\r\n\r\n    <\/tbody>\r\n  <\/table>\r\n<\/div>\r\n\t\t\t\t<\/div>\n\t\t\t\t\t<\/div>\n\t\t\t\t<\/div>\n\t\t\t\t<\/div>\n\t\t","protected":false},"excerpt":{"rendered":"<p>M\u00e9trologie La m\u00e9trologie est le c\u0153ur silencieux de toute d\u00e9marche qualit\u00e9. Derri\u00e8re chaque mesure fiable se cache une m\u00e9thode rigoureuse, des \u00e9quipements bien suivis et une compr\u00e9hension claire des r\u00e8gles qui garantissent la pr\u00e9cision. Cette section rassemble un ensemble de formations d\u00e9di\u00e9es \u00e0 la ma\u00eetrise des bonnes pratiques m\u00e9trologiques, depuis la gestion des salles propres [&hellip;]<\/p>\n","protected":false},"author":1,"featured_media":0,"parent":0,"menu_order":0,"comment_status":"closed","ping_status":"closed","template":"elementor_header_footer","meta":{"footnotes":""},"class_list":["post-742","page","type-page","status-publish","hentry"],"_links":{"self":[{"href":"https:\/\/services-msj.com\/index.php\/wp-json\/wp\/v2\/pages\/742","targetHints":{"allow":["GET"]}}],"collection":[{"href":"https:\/\/services-msj.com\/index.php\/wp-json\/wp\/v2\/pages"}],"about":[{"href":"https:\/\/services-msj.com\/index.php\/wp-json\/wp\/v2\/types\/page"}],"author":[{"embeddable":true,"href":"https:\/\/services-msj.com\/index.php\/wp-json\/wp\/v2\/users\/1"}],"replies":[{"embeddable":true,"href":"https:\/\/services-msj.com\/index.php\/wp-json\/wp\/v2\/comments?post=742"}],"version-history":[{"count":10,"href":"https:\/\/services-msj.com\/index.php\/wp-json\/wp\/v2\/pages\/742\/revisions"}],"predecessor-version":[{"id":838,"href":"https:\/\/services-msj.com\/index.php\/wp-json\/wp\/v2\/pages\/742\/revisions\/838"}],"wp:attachment":[{"href":"https:\/\/services-msj.com\/index.php\/wp-json\/wp\/v2\/media?parent=742"}],"curies":[{"name":"wp","href":"https:\/\/api.w.org\/{rel}","templated":true}]}}